{"id":706,"date":"2022-07-02T20:25:42","date_gmt":"2022-07-02T20:25:42","guid":{"rendered":"https:\/\/www.lucieb.art\/exhibitions\/"},"modified":"2024-11-07T13:09:27","modified_gmt":"2024-11-07T13:09:27","slug":"exhibitions","status":"publish","type":"page","link":"https:\/\/www.lucieb.art\/en\/exhibitions\/","title":{"rendered":"Exhibitions"},"content":{"rendered":"\t\t<div data-elementor-type=\"wp-page\" data-elementor-id=\"706\" class=\"elementor elementor-706 elementor-16\" data-elementor-post-type=\"page\">\n\t\t\t\t\t\t<section class=\"elementor-section elementor-top-section elementor-element elementor-element-ad5973f elementor-section-boxed elementor-section-height-default elementor-section-height-default\" data-id=\"ad5973f\" data-element_type=\"section\">\n\t\t\t\t\t\t<div class=\"elementor-container elementor-column-gap-default\">\n\t\t\t\t\t<div class=\"elementor-column elementor-col-100 elementor-top-column elementor-element elementor-element-bd4de97\" data-id=\"bd4de97\" data-element_type=\"column\">\n\t\t\t<div class=\"elementor-widget-wrap elementor-element-populated\">\n\t\t\t\t\t\t<div class=\"elementor-element elementor-element-a830497 elementor-widget elementor-widget-heading\" data-id=\"a830497\" data-element_type=\"widget\" data-widget_type=\"heading.default\">\n\t\t\t\t<div class=\"elementor-widget-container\">\n\t\t\t\t\t<h1 class=\"elementor-heading-title elementor-size-default\">Exhibitions<\/h1>\t\t\t\t<\/div>\n\t\t\t\t<\/div>\n\t\t\t\t\t<\/div>\n\t\t<\/div>\n\t\t\t\t\t<\/div>\n\t\t<\/section>\n\t\t\t\t<section class=\"elementor-section elementor-top-section elementor-element elementor-element-6f77cfb elementor-section-boxed elementor-section-height-default elementor-section-height-default\" data-id=\"6f77cfb\" data-element_type=\"section\">\n\t\t\t\t\t\t<div class=\"elementor-container elementor-column-gap-default\">\n\t\t\t\t\t<div class=\"elementor-column elementor-col-100 elementor-top-column elementor-element elementor-element-fac87e2\" data-id=\"fac87e2\" data-element_type=\"column\">\n\t\t\t<div class=\"elementor-widget-wrap elementor-element-populated\">\n\t\t\t\t\t\t<div class=\"elementor-element elementor-element-64d2be6 elementor-widget elementor-widget-spacer\" data-id=\"64d2be6\" data-element_type=\"widget\" data-widget_type=\"spacer.default\">\n\t\t\t\t<div class=\"elementor-widget-container\">\n\t\t\t\t\t\t\t<div class=\"elementor-spacer\">\n\t\t\t<div class=\"elementor-spacer-inner\"><\/div>\n\t\t<\/div>\n\t\t\t\t\t\t<\/div>\n\t\t\t\t<\/div>\n\t\t\t\t\t<\/div>\n\t\t<\/div>\n\t\t\t\t\t<\/div>\n\t\t<\/section>\n\t\t\t\t<section class=\"elementor-section elementor-top-section elementor-element elementor-element-8959867 elementor-section-boxed elementor-section-height-default elementor-section-height-default\" data-id=\"8959867\" data-element_type=\"section\">\n\t\t\t\t\t\t<div class=\"elementor-container elementor-column-gap-default\">\n\t\t\t\t\t<div class=\"elementor-column elementor-col-50 elementor-top-column elementor-element elementor-element-d436123\" data-id=\"d436123\" data-element_type=\"column\">\n\t\t\t<div class=\"elementor-widget-wrap elementor-element-populated\">\n\t\t\t\t\t\t<div class=\"elementor-element elementor-element-8e6d11a elementor-widget elementor-widget-image\" data-id=\"8e6d11a\" data-element_type=\"widget\" data-widget_type=\"image.default\">\n\t\t\t\t<div class=\"elementor-widget-container\">\n\t\t\t\t\t\t\t\t\t\t\t\t\t\t\t<img decoding=\"async\" src=\"https:\/\/www.lucieb.art\/wp-content\/uploads\/elementor\/thumbs\/20241015_173640-scaled-r1tpr8o9apqm9is3xokigmi8thsvgctlg2piourg1s.jpg\" title=\"20241015_173640\" alt=\"20241015_173640\" loading=\"lazy\" \/>\t\t\t\t\t\t\t\t\t\t\t\t\t\t\t<\/div>\n\t\t\t\t<\/div>\n\t\t\t\t\t<\/div>\n\t\t<\/div>\n\t\t\t\t<div class=\"elementor-column elementor-col-50 elementor-top-column elementor-element elementor-element-ed4af6a\" data-id=\"ed4af6a\" data-element_type=\"column\">\n\t\t\t<div class=\"elementor-widget-wrap elementor-element-populated\">\n\t\t\t\t\t\t<div class=\"elementor-element elementor-element-8938c6f elementor-widget elementor-widget-image\" data-id=\"8938c6f\" data-element_type=\"widget\" data-widget_type=\"image.default\">\n\t\t\t\t<div class=\"elementor-widget-container\">\n\t\t\t\t\t\t\t\t\t\t\t\t\t\t\t<img decoding=\"async\" src=\"https:\/\/www.lucieb.art\/wp-content\/uploads\/elementor\/thumbs\/IMG-20221229-WA0044-r1tpr8o9apqm9is3xokigmi8thsvgctlg2piourg1s.jpg\" title=\"IMG-20221229-WA0044\" alt=\"IMG-20221229-WA0044\" loading=\"lazy\" \/>\t\t\t\t\t\t\t\t\t\t\t\t\t\t\t<\/div>\n\t\t\t\t<\/div>\n\t\t\t\t\t<\/div>\n\t\t<\/div>\n\t\t\t\t\t<\/div>\n\t\t<\/section>\n\t\t\t\t<section class=\"elementor-section elementor-top-section elementor-element elementor-element-ffb4232 elementor-section-boxed elementor-section-height-default elementor-section-height-default\" data-id=\"ffb4232\" data-element_type=\"section\">\n\t\t\t\t\t\t<div class=\"elementor-container elementor-column-gap-default\">\n\t\t\t\t\t<div class=\"elementor-column elementor-col-100 elementor-top-column elementor-element elementor-element-20b1c82\" data-id=\"20b1c82\" data-element_type=\"column\">\n\t\t\t<div class=\"elementor-widget-wrap elementor-element-populated\">\n\t\t\t\t\t\t<div class=\"elementor-element elementor-element-f8cb1e4 elementor-widget elementor-widget-heading\" data-id=\"f8cb1e4\" data-element_type=\"widget\" data-widget_type=\"heading.default\">\n\t\t\t\t<div class=\"elementor-widget-container\">\n\t\t\t\t\t<h2 class=\"elementor-heading-title elementor-size-default\">\"Huellas del Universo\", Exposici\u00f3n individual - t\u00e1ctil e inclusiva, Gallery Room Torre Mariona. Palma de Mallorca, 2024.\n\n \n<\/h2>\t\t\t\t<\/div>\n\t\t\t\t<\/div>\n\t\t\t\t\t<\/div>\n\t\t<\/div>\n\t\t\t\t\t<\/div>\n\t\t<\/section>\n\t\t\t\t<section class=\"elementor-section elementor-top-section elementor-element elementor-element-b49d57b elementor-section-boxed elementor-section-height-default elementor-section-height-default\" data-id=\"b49d57b\" data-element_type=\"section\">\n\t\t\t\t\t\t<div class=\"elementor-container elementor-column-gap-default\">\n\t\t\t\t\t<div class=\"elementor-column elementor-col-100 elementor-top-column elementor-element elementor-element-e4651f1\" data-id=\"e4651f1\" data-element_type=\"column\">\n\t\t\t<div class=\"elementor-widget-wrap elementor-element-populated\">\n\t\t\t\t\t\t<div class=\"elementor-element elementor-element-9058910 elementor-widget elementor-widget-heading\" data-id=\"9058910\" data-element_type=\"widget\" data-widget_type=\"heading.default\">\n\t\t\t\t<div class=\"elementor-widget-container\">\n\t\t\t\t\t<h2 class=\"elementor-heading-title elementor-size-default\">Exposici\u00f3n de Arte solidaria ARTE-EXO, Palacio de la Merced, C\u00f3rdoba, 2024\n<\/h2>\t\t\t\t<\/div>\n\t\t\t\t<\/div>\n\t\t\t\t\t<\/div>\n\t\t<\/div>\n\t\t\t\t\t<\/div>\n\t\t<\/section>\n\t\t\t\t<section class=\"elementor-section elementor-top-section elementor-element elementor-element-d761538 elementor-section-boxed elementor-section-height-default elementor-section-height-default\" data-id=\"d761538\" data-element_type=\"section\">\n\t\t\t\t\t\t<div class=\"elementor-container elementor-column-gap-default\">\n\t\t\t\t\t<div class=\"elementor-column elementor-col-100 elementor-top-column elementor-element elementor-element-3eacc5c\" data-id=\"3eacc5c\" data-element_type=\"column\">\n\t\t\t<div class=\"elementor-widget-wrap elementor-element-populated\">\n\t\t\t\t\t\t<div class=\"elementor-element elementor-element-25ff60f elementor-widget elementor-widget-heading\" data-id=\"25ff60f\" data-element_type=\"widget\" data-widget_type=\"heading.default\">\n\t\t\t\t<div class=\"elementor-widget-container\">\n\t\t\t\t\t<h2 class=\"elementor-heading-title elementor-size-default\">ART WEEK MIAMI, Artbox.Projects 4.0, Mana Wynwood, Miami, 2023\n<\/h2>\t\t\t\t<\/div>\n\t\t\t\t<\/div>\n\t\t\t\t\t<\/div>\n\t\t<\/div>\n\t\t\t\t\t<\/div>\n\t\t<\/section>\n\t\t\t\t<section class=\"elementor-section elementor-top-section elementor-element elementor-element-77918e5 elementor-section-boxed elementor-section-height-default elementor-section-height-default\" data-id=\"77918e5\" data-element_type=\"section\">\n\t\t\t\t\t\t<div class=\"elementor-container elementor-column-gap-default\">\n\t\t\t\t\t<div class=\"elementor-column elementor-col-100 elementor-top-column elementor-element elementor-element-fa7b334\" data-id=\"fa7b334\" data-element_type=\"column\">\n\t\t\t<div class=\"elementor-widget-wrap elementor-element-populated\">\n\t\t\t\t\t\t<div class=\"elementor-element elementor-element-6fcd678 elementor-widget elementor-widget-heading\" data-id=\"6fcd678\" data-element_type=\"widget\" data-widget_type=\"heading.default\">\n\t\t\t\t<div class=\"elementor-widget-container\">\n\t\t\t\t\t<h2 class=\"elementor-heading-title elementor-size-default\">SWISS ART EXPO, Artbox.Projects 5.0, SBB Eventhalle. Z\u00dcRICH, 2023.\n<\/h2>\t\t\t\t<\/div>\n\t\t\t\t<\/div>\n\t\t\t\t\t<\/div>\n\t\t<\/div>\n\t\t\t\t\t<\/div>\n\t\t<\/section>\n\t\t\t\t<section class=\"elementor-section elementor-top-section elementor-element elementor-element-fc324ef elementor-section-boxed elementor-section-height-default elementor-section-height-default\" data-id=\"fc324ef\" data-element_type=\"section\">\n\t\t\t\t\t\t<div class=\"elementor-container elementor-column-gap-default\">\n\t\t\t\t\t<div class=\"elementor-column elementor-col-100 elementor-top-column elementor-element elementor-element-509b98c\" data-id=\"509b98c\" data-element_type=\"column\">\n\t\t\t<div class=\"elementor-widget-wrap elementor-element-populated\">\n\t\t\t\t\t\t<div class=\"elementor-element elementor-element-ef294c8 elementor-widget elementor-widget-heading\" data-id=\"ef294c8\" data-element_type=\"widget\" data-widget_type=\"heading.default\">\n\t\t\t\t<div class=\"elementor-widget-container\">\n\t\t\t\t\t<h2 class=\"elementor-heading-title elementor-size-default\">International exhibition \"Brain Cake\", M.A.D.S. Gallery. Gaud\u00ed Room, La Pedrera, Casa Mil\u00e0, Barcelona, 2022.\n<\/h2>\t\t\t\t<\/div>\n\t\t\t\t<\/div>\n\t\t\t\t\t<\/div>\n\t\t<\/div>\n\t\t\t\t\t<\/div>\n\t\t<\/section>\n\t\t\t\t<section class=\"elementor-section elementor-top-section elementor-element elementor-element-b2b3204 elementor-section-boxed elementor-section-height-default elementor-section-height-default\" data-id=\"b2b3204\" data-element_type=\"section\">\n\t\t\t\t\t\t<div class=\"elementor-container elementor-column-gap-default\">\n\t\t\t\t\t<div class=\"elementor-column elementor-col-100 elementor-top-column elementor-element elementor-element-676ca75\" data-id=\"676ca75\" data-element_type=\"column\">\n\t\t\t<div class=\"elementor-widget-wrap elementor-element-populated\">\n\t\t\t\t\t\t<div class=\"elementor-element elementor-element-12be058 elementor-widget elementor-widget-heading\" data-id=\"12be058\" data-element_type=\"widget\" data-widget_type=\"heading.default\">\n\t\t\t\t<div class=\"elementor-widget-container\">\n\t\t\t\t\t<h2 class=\"elementor-heading-title elementor-size-default\">\"Adrenocromo\",M.A.D.S. Gallery. Mil\u00e1n, 2022. \n<\/h2>\t\t\t\t<\/div>\n\t\t\t\t<\/div>\n\t\t\t\t\t<\/div>\n\t\t<\/div>\n\t\t\t\t\t<\/div>\n\t\t<\/section>\n\t\t\t\t<section class=\"elementor-section elementor-top-section elementor-element elementor-element-ca934c7 elementor-section-boxed elementor-section-height-default elementor-section-height-default\" data-id=\"ca934c7\" data-element_type=\"section\">\n\t\t\t\t\t\t<div class=\"elementor-container elementor-column-gap-default\">\n\t\t\t\t\t<div class=\"elementor-column elementor-col-100 elementor-top-column elementor-element elementor-element-9347a97\" data-id=\"9347a97\" data-element_type=\"column\">\n\t\t\t<div class=\"elementor-widget-wrap elementor-element-populated\">\n\t\t\t\t\t\t<div class=\"elementor-element elementor-element-f3f0cf5 elementor-widget elementor-widget-heading\" data-id=\"f3f0cf5\" data-element_type=\"widget\" data-widget_type=\"heading.default\">\n\t\t\t\t<div class=\"elementor-widget-container\">\n\t\t\t\t\t<h2 class=\"elementor-heading-title elementor-size-default\">\"Adrenocromo\", M.A.D.S. Gallery. Fuerteventura, 2022 \n<\/h2>\t\t\t\t<\/div>\n\t\t\t\t<\/div>\n\t\t\t\t\t<\/div>\n\t\t<\/div>\n\t\t\t\t\t<\/div>\n\t\t<\/section>\n\t\t\t\t<section class=\"elementor-section elementor-top-section elementor-element elementor-element-6d56d7b elementor-section-boxed elementor-section-height-default elementor-section-height-default\" data-id=\"6d56d7b\" data-element_type=\"section\">\n\t\t\t\t\t\t<div class=\"elementor-container elementor-column-gap-default\">\n\t\t\t\t\t<div class=\"elementor-column elementor-col-100 elementor-top-column elementor-element elementor-element-23e2fc1\" data-id=\"23e2fc1\" data-element_type=\"column\">\n\t\t\t<div class=\"elementor-widget-wrap elementor-element-populated\">\n\t\t\t\t\t\t<div class=\"elementor-element elementor-element-a3b853d elementor-widget elementor-widget-heading\" data-id=\"a3b853d\" data-element_type=\"widget\" data-widget_type=\"heading.default\">\n\t\t\t\t<div class=\"elementor-widget-container\">\n\t\t\t\t\t<h2 class=\"elementor-heading-title elementor-size-default\">\"Guardians of dreams\", M.A.D.S. Gallery. Fuerteventura, 2022.\n<\/h2>\t\t\t\t<\/div>\n\t\t\t\t<\/div>\n\t\t\t\t\t<\/div>\n\t\t<\/div>\n\t\t\t\t\t<\/div>\n\t\t<\/section>\n\t\t\t\t<section class=\"elementor-section elementor-top-section elementor-element elementor-element-5cab658 elementor-section-boxed elementor-section-height-default elementor-section-height-default\" data-id=\"5cab658\" data-element_type=\"section\">\n\t\t\t\t\t\t<div class=\"elementor-container elementor-column-gap-default\">\n\t\t\t\t\t<div class=\"elementor-column elementor-col-100 elementor-top-column elementor-element elementor-element-b9edf1b\" data-id=\"b9edf1b\" data-element_type=\"column\">\n\t\t\t<div class=\"elementor-widget-wrap elementor-element-populated\">\n\t\t\t\t\t\t<div class=\"elementor-element elementor-element-6b36ab1 elementor-widget elementor-widget-heading\" data-id=\"6b36ab1\" data-element_type=\"widget\" data-widget_type=\"heading.default\">\n\t\t\t\t<div class=\"elementor-widget-container\">\n\t\t\t\t\t<h2 class=\"elementor-heading-title elementor-size-default\">\"Guardians of dreams\",M.A.D.S. Gallery. Mil\u00e1n, 2022. \n<\/h2>\t\t\t\t<\/div>\n\t\t\t\t<\/div>\n\t\t\t\t\t<\/div>\n\t\t<\/div>\n\t\t\t\t\t<\/div>\n\t\t<\/section>\n\t\t\t\t<section class=\"elementor-section elementor-top-section elementor-element elementor-element-60aef1e elementor-section-boxed elementor-section-height-default elementor-section-height-default\" data-id=\"60aef1e\" data-element_type=\"section\">\n\t\t\t\t\t\t<div class=\"elementor-container elementor-column-gap-default\">\n\t\t\t\t\t<div class=\"elementor-column elementor-col-100 elementor-top-column elementor-element elementor-element-dab5b08\" data-id=\"dab5b08\" data-element_type=\"column\">\n\t\t\t<div class=\"elementor-widget-wrap elementor-element-populated\">\n\t\t\t\t\t\t<div class=\"elementor-element elementor-element-a6d9e23 elementor-widget elementor-widget-heading\" data-id=\"a6d9e23\" data-element_type=\"widget\" data-widget_type=\"heading.default\">\n\t\t\t\t<div class=\"elementor-widget-container\">\n\t\t\t\t\t<h2 class=\"elementor-heading-title elementor-size-default\">\"Visceral\", M.A.D.S. Gallery. Fuerteventura, 2022\n<\/h2>\t\t\t\t<\/div>\n\t\t\t\t<\/div>\n\t\t\t\t\t<\/div>\n\t\t<\/div>\n\t\t\t\t\t<\/div>\n\t\t<\/section>\n\t\t\t\t<section class=\"elementor-section elementor-top-section elementor-element elementor-element-96abdde elementor-section-boxed elementor-section-height-default elementor-section-height-default\" data-id=\"96abdde\" data-element_type=\"section\">\n\t\t\t\t\t\t<div class=\"elementor-container elementor-column-gap-default\">\n\t\t\t\t\t<div class=\"elementor-column elementor-col-100 elementor-top-column elementor-element elementor-element-01466ea\" data-id=\"01466ea\" data-element_type=\"column\">\n\t\t\t<div class=\"elementor-widget-wrap elementor-element-populated\">\n\t\t\t\t\t\t<div class=\"elementor-element elementor-element-4a514fb elementor-widget elementor-widget-heading\" data-id=\"4a514fb\" data-element_type=\"widget\" data-widget_type=\"heading.default\">\n\t\t\t\t<div class=\"elementor-widget-container\">\n\t\t\t\t\t<h2 class=\"elementor-heading-title elementor-size-default\">\"Visceral\", M.A.D.S. Gallery. Mil\u00e1n, 2022.\n<\/h2>\t\t\t\t<\/div>\n\t\t\t\t<\/div>\n\t\t\t\t\t<\/div>\n\t\t<\/div>\n\t\t\t\t\t<\/div>\n\t\t<\/section>\n\t\t\t\t<section class=\"elementor-section elementor-top-section elementor-element elementor-element-419b2db elementor-section-boxed elementor-section-height-default elementor-section-height-default\" data-id=\"419b2db\" data-element_type=\"section\">\n\t\t\t\t\t\t<div class=\"elementor-container elementor-column-gap-default\">\n\t\t\t\t\t<div class=\"elementor-column elementor-col-100 elementor-top-column elementor-element elementor-element-04d1e78\" data-id=\"04d1e78\" data-element_type=\"column\">\n\t\t\t<div class=\"elementor-widget-wrap elementor-element-populated\">\n\t\t\t\t\t\t<div class=\"elementor-element elementor-element-e5e33b4 elementor-widget elementor-widget-spacer\" data-id=\"e5e33b4\" data-element_type=\"widget\" data-widget_type=\"spacer.default\">\n\t\t\t\t<div class=\"elementor-widget-container\">\n\t\t\t\t\t\t\t<div class=\"elementor-spacer\">\n\t\t\t<div class=\"elementor-spacer-inner\"><\/div>\n\t\t<\/div>\n\t\t\t\t\t\t<\/div>\n\t\t\t\t<\/div>\n\t\t\t\t\t<\/div>\n\t\t<\/div>\n\t\t\t\t\t<\/div>\n\t\t<\/section>\n\t\t\t\t<\/div>\n\t\t","protected":false},"excerpt":{"rendered":"<p>Exhibitions &#8220;Huellas del Universo&#8221;, Exposici\u00f3n individual &#8211; t\u00e1ctil e inclusiva, Gallery Room Torre Mariona. Palma de Mallorca, 2024. Exposici\u00f3n de Arte solidaria ARTE-EXO, Palacio de la Merced, C\u00f3rdoba, 2024 ART WEEK MIAMI, Artbox.Projects 4.0, Mana Wynwood, Miami, 2023 SWISS ART EXPO, Artbox.Projects 5.0, SBB Eventhalle. Z\u00dcRICH, 2023. International exhibition &#8220;Brain Cake&#8221;, M.A.D.S. Gallery. Gaud\u00ed Room, [&hellip;]<\/p>\n","protected":false},"author":1,"featured_media":0,"parent":0,"menu_order":0,"comment_status":"closed","ping_status":"closed","template":"","meta":{"footnotes":""},"class_list":["post-706","page","type-page","status-publish","hentry"],"yoast_head":"<!-- This site is optimized with the Yoast SEO plugin v24.4 - https:\/\/yoast.com\/wordpress\/plugins\/seo\/ -->\n<title>Exhibitions by Lucie Balaguer - Art on Display<\/title>\n<meta name=\"description\" content=\"Discover Lucie Balaguer&#039;s exhibitions and where she has showcased her art around the world.\" \/>\n<meta name=\"robots\" content=\"index, follow, max-snippet:-1, max-image-preview:large, max-video-preview:-1\" \/>\n<link rel=\"canonical\" href=\"https:\/\/www.lucieb.art\/en\/exhibitions\/\" \/>\n<meta property=\"og:locale\" content=\"en_US\" \/>\n<meta property=\"og:type\" content=\"article\" \/>\n<meta property=\"og:title\" content=\"Exhibitions by Lucie Balaguer - Art on Display\" \/>\n<meta property=\"og:description\" content=\"Discover Lucie Balaguer&#039;s exhibitions and where she has showcased her art around the world.\" \/>\n<meta property=\"og:url\" content=\"https:\/\/www.lucieb.art\/en\/exhibitions\/\" \/>\n<meta property=\"og:site_name\" content=\"Lucie Balaguer Art\" \/>\n<meta property=\"article:modified_time\" content=\"2024-11-07T13:09:27+00:00\" \/>\n<meta property=\"og:image\" content=\"https:\/\/www.lucieb.art\/wp-content\/uploads\/elementor\/thumbs\/20241015_173640-scaled-qw9nierwwjtufknivm7ocqmkf20h28wbb4552f18g0.jpg\" \/>\n<meta name=\"twitter:card\" content=\"summary_large_image\" \/>\n<meta name=\"twitter:label1\" content=\"Est. reading time\" \/>\n\t<meta name=\"twitter:data1\" content=\"1 minute\" \/>\n<script type=\"application\/ld+json\" class=\"yoast-schema-graph\">{\"@context\":\"https:\/\/schema.org\",\"@graph\":[{\"@type\":\"WebPage\",\"@id\":\"https:\/\/www.lucieb.art\/en\/exhibitions\/\",\"url\":\"https:\/\/www.lucieb.art\/en\/exhibitions\/\",\"name\":\"Exhibitions by Lucie Balaguer - Art on Display\",\"isPartOf\":{\"@id\":\"https:\/\/www.lucieb.art\/#website\"},\"primaryImageOfPage\":{\"@id\":\"https:\/\/www.lucieb.art\/en\/exhibitions\/#primaryimage\"},\"image\":{\"@id\":\"https:\/\/www.lucieb.art\/en\/exhibitions\/#primaryimage\"},\"thumbnailUrl\":\"https:\/\/www.lucieb.art\/wp-content\/uploads\/elementor\/thumbs\/20241015_173640-scaled-qw9nierwwjtufknivm7ocqmkf20h28wbb4552f18g0.jpg\",\"datePublished\":\"2022-07-02T20:25:42+00:00\",\"dateModified\":\"2024-11-07T13:09:27+00:00\",\"description\":\"Discover Lucie Balaguer's exhibitions and where she has showcased her art around the world.\",\"breadcrumb\":{\"@id\":\"https:\/\/www.lucieb.art\/en\/exhibitions\/#breadcrumb\"},\"inLanguage\":\"en-US\",\"potentialAction\":[{\"@type\":\"ReadAction\",\"target\":[\"https:\/\/www.lucieb.art\/en\/exhibitions\/\"]}]},{\"@type\":\"ImageObject\",\"inLanguage\":\"en-US\",\"@id\":\"https:\/\/www.lucieb.art\/en\/exhibitions\/#primaryimage\",\"url\":\"https:\/\/www.lucieb.art\/wp-content\/uploads\/elementor\/thumbs\/20241015_173640-scaled-qw9nierwwjtufknivm7ocqmkf20h28wbb4552f18g0.jpg\",\"contentUrl\":\"https:\/\/www.lucieb.art\/wp-content\/uploads\/elementor\/thumbs\/20241015_173640-scaled-qw9nierwwjtufknivm7ocqmkf20h28wbb4552f18g0.jpg\"},{\"@type\":\"BreadcrumbList\",\"@id\":\"https:\/\/www.lucieb.art\/en\/exhibitions\/#breadcrumb\",\"itemListElement\":[{\"@type\":\"ListItem\",\"position\":1,\"name\":\"Home\",\"item\":\"https:\/\/www.lucieb.art\/\"},{\"@type\":\"ListItem\",\"position\":2,\"name\":\"Exhibitions\"}]},{\"@type\":\"WebSite\",\"@id\":\"https:\/\/www.lucieb.art\/#website\",\"url\":\"https:\/\/www.lucieb.art\/\",\"name\":\"Lucie Balaguer Art\",\"description\":\"Art from the paradise \u2764 Mallorca\",\"publisher\":{\"@id\":\"https:\/\/www.lucieb.art\/#organization\"},\"potentialAction\":[{\"@type\":\"SearchAction\",\"target\":{\"@type\":\"EntryPoint\",\"urlTemplate\":\"https:\/\/www.lucieb.art\/?s={search_term_string}\"},\"query-input\":{\"@type\":\"PropertyValueSpecification\",\"valueRequired\":true,\"valueName\":\"search_term_string\"}}],\"inLanguage\":\"en-US\"},{\"@type\":\"Organization\",\"@id\":\"https:\/\/www.lucieb.art\/#organization\",\"name\":\"Lucie Balaguer Art\",\"url\":\"https:\/\/www.lucieb.art\/\",\"logo\":{\"@type\":\"ImageObject\",\"inLanguage\":\"en-US\",\"@id\":\"https:\/\/www.lucieb.art\/#\/schema\/logo\/image\/\",\"url\":\"https:\/\/www.lucieb.art\/wp-content\/uploads\/2022\/07\/cropped-Nuevo-proyecto-1-1.png\",\"contentUrl\":\"https:\/\/www.lucieb.art\/wp-content\/uploads\/2022\/07\/cropped-Nuevo-proyecto-1-1.png\",\"width\":685,\"height\":131,\"caption\":\"Lucie Balaguer Art\"},\"image\":{\"@id\":\"https:\/\/www.lucieb.art\/#\/schema\/logo\/image\/\"}}]}<\/script>\n<!-- \/ Yoast SEO plugin. -->","yoast_head_json":{"title":"Exhibitions by Lucie Balaguer - Art on Display","description":"Discover Lucie Balaguer's exhibitions and where she has showcased her art around the world.","robots":{"index":"index","follow":"follow","max-snippet":"max-snippet:-1","max-image-preview":"max-image-preview:large","max-video-preview":"max-video-preview:-1"},"canonical":"https:\/\/www.lucieb.art\/en\/exhibitions\/","og_locale":"en_US","og_type":"article","og_title":"Exhibitions by Lucie Balaguer - Art on Display","og_description":"Discover Lucie Balaguer's exhibitions and where she has showcased her art around the world.","og_url":"https:\/\/www.lucieb.art\/en\/exhibitions\/","og_site_name":"Lucie Balaguer Art","article_modified_time":"2024-11-07T13:09:27+00:00","og_image":[{"url":"https:\/\/www.lucieb.art\/wp-content\/uploads\/elementor\/thumbs\/20241015_173640-scaled-qw9nierwwjtufknivm7ocqmkf20h28wbb4552f18g0.jpg","type":"","width":"","height":""}],"twitter_card":"summary_large_image","twitter_misc":{"Est. reading time":"1 minute"},"schema":{"@context":"https:\/\/schema.org","@graph":[{"@type":"WebPage","@id":"https:\/\/www.lucieb.art\/en\/exhibitions\/","url":"https:\/\/www.lucieb.art\/en\/exhibitions\/","name":"Exhibitions by Lucie Balaguer - Art on Display","isPartOf":{"@id":"https:\/\/www.lucieb.art\/#website"},"primaryImageOfPage":{"@id":"https:\/\/www.lucieb.art\/en\/exhibitions\/#primaryimage"},"image":{"@id":"https:\/\/www.lucieb.art\/en\/exhibitions\/#primaryimage"},"thumbnailUrl":"https:\/\/www.lucieb.art\/wp-content\/uploads\/elementor\/thumbs\/20241015_173640-scaled-qw9nierwwjtufknivm7ocqmkf20h28wbb4552f18g0.jpg","datePublished":"2022-07-02T20:25:42+00:00","dateModified":"2024-11-07T13:09:27+00:00","description":"Discover Lucie Balaguer's exhibitions and where she has showcased her art around the world.","breadcrumb":{"@id":"https:\/\/www.lucieb.art\/en\/exhibitions\/#breadcrumb"},"inLanguage":"en-US","potentialAction":[{"@type":"ReadAction","target":["https:\/\/www.lucieb.art\/en\/exhibitions\/"]}]},{"@type":"ImageObject","inLanguage":"en-US","@id":"https:\/\/www.lucieb.art\/en\/exhibitions\/#primaryimage","url":"https:\/\/www.lucieb.art\/wp-content\/uploads\/elementor\/thumbs\/20241015_173640-scaled-qw9nierwwjtufknivm7ocqmkf20h28wbb4552f18g0.jpg","contentUrl":"https:\/\/www.lucieb.art\/wp-content\/uploads\/elementor\/thumbs\/20241015_173640-scaled-qw9nierwwjtufknivm7ocqmkf20h28wbb4552f18g0.jpg"},{"@type":"BreadcrumbList","@id":"https:\/\/www.lucieb.art\/en\/exhibitions\/#breadcrumb","itemListElement":[{"@type":"ListItem","position":1,"name":"Home","item":"https:\/\/www.lucieb.art\/"},{"@type":"ListItem","position":2,"name":"Exhibitions"}]},{"@type":"WebSite","@id":"https:\/\/www.lucieb.art\/#website","url":"https:\/\/www.lucieb.art\/","name":"Lucie Balaguer Art","description":"Art from the paradise \u2764 Mallorca","publisher":{"@id":"https:\/\/www.lucieb.art\/#organization"},"potentialAction":[{"@type":"SearchAction","target":{"@type":"EntryPoint","urlTemplate":"https:\/\/www.lucieb.art\/?s={search_term_string}"},"query-input":{"@type":"PropertyValueSpecification","valueRequired":true,"valueName":"search_term_string"}}],"inLanguage":"en-US"},{"@type":"Organization","@id":"https:\/\/www.lucieb.art\/#organization","name":"Lucie Balaguer Art","url":"https:\/\/www.lucieb.art\/","logo":{"@type":"ImageObject","inLanguage":"en-US","@id":"https:\/\/www.lucieb.art\/#\/schema\/logo\/image\/","url":"https:\/\/www.lucieb.art\/wp-content\/uploads\/2022\/07\/cropped-Nuevo-proyecto-1-1.png","contentUrl":"https:\/\/www.lucieb.art\/wp-content\/uploads\/2022\/07\/cropped-Nuevo-proyecto-1-1.png","width":685,"height":131,"caption":"Lucie Balaguer Art"},"image":{"@id":"https:\/\/www.lucieb.art\/#\/schema\/logo\/image\/"}}]}},"_links":{"self":[{"href":"https:\/\/www.lucieb.art\/en\/wp-json\/wp\/v2\/pages\/706","targetHints":{"allow":["GET"]}}],"collection":[{"href":"https:\/\/www.lucieb.art\/en\/wp-json\/wp\/v2\/pages"}],"about":[{"href":"https:\/\/www.lucieb.art\/en\/wp-json\/wp\/v2\/types\/page"}],"author":[{"embeddable":true,"href":"https:\/\/www.lucieb.art\/en\/wp-json\/wp\/v2\/users\/1"}],"replies":[{"embeddable":true,"href":"https:\/\/www.lucieb.art\/en\/wp-json\/wp\/v2\/comments?post=706"}],"version-history":[{"count":29,"href":"https:\/\/www.lucieb.art\/en\/wp-json\/wp\/v2\/pages\/706\/revisions"}],"predecessor-version":[{"id":1960,"href":"https:\/\/www.lucieb.art\/en\/wp-json\/wp\/v2\/pages\/706\/revisions\/1960"}],"wp:attachment":[{"href":"https:\/\/www.lucieb.art\/en\/wp-json\/wp\/v2\/media?parent=706"}],"curies":[{"name":"wp","href":"https:\/\/api.w.org\/{rel}","templated":true}]}}