{"id":702,"date":"2016-05-10T03:48:21","date_gmt":"2016-05-10T03:48:21","guid":{"rendered":"https:\/\/www.lucieb.art\/bio\/"},"modified":"2024-12-03T08:36:44","modified_gmt":"2024-12-03T08:36:44","slug":"biography","status":"publish","type":"page","link":"https:\/\/www.lucieb.art\/en\/biography\/","title":{"rendered":"Bio"},"content":{"rendered":"\t\t<div data-elementor-type=\"wp-page\" data-elementor-id=\"702\" class=\"elementor elementor-702 elementor-2\" data-elementor-post-type=\"page\">\n\t\t\t\t\t\t<section class=\"elementor-section elementor-top-section elementor-element elementor-element-fb72c27 elementor-section-boxed elementor-section-height-default elementor-section-height-default\" data-id=\"fb72c27\" data-element_type=\"section\">\n\t\t\t\t\t\t<div class=\"elementor-container elementor-column-gap-default\">\n\t\t\t\t\t<div class=\"elementor-column elementor-col-50 elementor-top-column elementor-element elementor-element-95418bc\" data-id=\"95418bc\" data-element_type=\"column\">\n\t\t\t<div class=\"elementor-widget-wrap elementor-element-populated\">\n\t\t\t\t\t\t<div class=\"elementor-element elementor-element-afb7fd1 elementor-widget elementor-widget-spacer\" data-id=\"afb7fd1\" data-element_type=\"widget\" data-widget_type=\"spacer.default\">\n\t\t\t\t<div class=\"elementor-widget-container\">\n\t\t\t\t\t\t\t<div class=\"elementor-spacer\">\n\t\t\t<div class=\"elementor-spacer-inner\"><\/div>\n\t\t<\/div>\n\t\t\t\t\t\t<\/div>\n\t\t\t\t<\/div>\n\t\t\t\t\t<\/div>\n\t\t<\/div>\n\t\t\t\t<div class=\"elementor-column elementor-col-50 elementor-top-column elementor-element elementor-element-ce5082d\" data-id=\"ce5082d\" data-element_type=\"column\">\n\t\t\t<div class=\"elementor-widget-wrap elementor-element-populated\">\n\t\t\t\t\t\t<div class=\"elementor-element elementor-element-67982e4 elementor-widget elementor-widget-heading\" data-id=\"67982e4\" data-element_type=\"widget\" data-widget_type=\"heading.default\">\n\t\t\t\t<div class=\"elementor-widget-container\">\n\t\t\t\t\t<h1 class=\"elementor-heading-title elementor-size-default\">Lucie Balaguer Biography<\/h1>\t\t\t\t<\/div>\n\t\t\t\t<\/div>\n\t\t\t\t\t<\/div>\n\t\t<\/div>\n\t\t\t\t\t<\/div>\n\t\t<\/section>\n\t\t\t\t<section class=\"elementor-section elementor-top-section elementor-element elementor-element-accdf0d elementor-section-boxed elementor-section-height-default elementor-section-height-default\" data-id=\"accdf0d\" data-element_type=\"section\">\n\t\t\t\t\t\t<div class=\"elementor-container elementor-column-gap-default\">\n\t\t\t\t\t<div class=\"elementor-column elementor-col-50 elementor-top-column elementor-element elementor-element-8f69a47\" data-id=\"8f69a47\" data-element_type=\"column\">\n\t\t\t<div class=\"elementor-widget-wrap elementor-element-populated\">\n\t\t\t\t\t\t<div class=\"elementor-element elementor-element-411a98c elementor-hidden-tablet elementor-hidden-mobile elementor-widget__width-initial elementor-widget elementor-widget-image\" data-id=\"411a98c\" data-element_type=\"widget\" data-widget_type=\"image.default\">\n\t\t\t\t<div class=\"elementor-widget-container\">\n\t\t\t\t\t\t\t\t\t\t\t\t\t\t\t<img fetchpriority=\"high\" decoding=\"async\" width=\"800\" height=\"998\" src=\"https:\/\/www.lucieb.art\/wp-content\/uploads\/2024\/11\/IMG_20220321_184151777_processed.jpg\" class=\"attachment-large size-large wp-image-1784\" alt=\"\" srcset=\"https:\/\/www.lucieb.art\/wp-content\/uploads\/2024\/11\/IMG_20220321_184151777_processed.jpg 812w, https:\/\/www.lucieb.art\/wp-content\/uploads\/2024\/11\/IMG_20220321_184151777_processed-240x300.jpg 240w, https:\/\/www.lucieb.art\/wp-content\/uploads\/2024\/11\/IMG_20220321_184151777_processed-768x958.jpg 768w, https:\/\/www.lucieb.art\/wp-content\/uploads\/2024\/11\/IMG_20220321_184151777_processed-500x624.jpg 500w, https:\/\/www.lucieb.art\/wp-content\/uploads\/2024\/11\/IMG_20220321_184151777_processed-800x998.jpg 800w\" sizes=\"(max-width: 800px) 100vw, 800px\" \/>\t\t\t\t\t\t\t\t\t\t\t\t\t\t\t<\/div>\n\t\t\t\t<\/div>\n\t\t\t\t<div class=\"elementor-element elementor-element-56972b3 elementor-hidden-desktop elementor-hidden-tablet elementor-widget elementor-widget-image\" data-id=\"56972b3\" data-element_type=\"widget\" data-widget_type=\"image.default\">\n\t\t\t\t<div class=\"elementor-widget-container\">\n\t\t\t\t\t\t\t\t\t\t\t\t\t\t\t<img fetchpriority=\"high\" decoding=\"async\" width=\"800\" height=\"998\" src=\"https:\/\/www.lucieb.art\/wp-content\/uploads\/2024\/11\/IMG_20220321_184151777_processed.jpg\" class=\"attachment-large size-large wp-image-1784\" alt=\"\" srcset=\"https:\/\/www.lucieb.art\/wp-content\/uploads\/2024\/11\/IMG_20220321_184151777_processed.jpg 812w, https:\/\/www.lucieb.art\/wp-content\/uploads\/2024\/11\/IMG_20220321_184151777_processed-240x300.jpg 240w, https:\/\/www.lucieb.art\/wp-content\/uploads\/2024\/11\/IMG_20220321_184151777_processed-768x958.jpg 768w, https:\/\/www.lucieb.art\/wp-content\/uploads\/2024\/11\/IMG_20220321_184151777_processed-500x624.jpg 500w, https:\/\/www.lucieb.art\/wp-content\/uploads\/2024\/11\/IMG_20220321_184151777_processed-800x998.jpg 800w\" sizes=\"(max-width: 800px) 100vw, 800px\" \/>\t\t\t\t\t\t\t\t\t\t\t\t\t\t\t<\/div>\n\t\t\t\t<\/div>\n\t\t\t\t<div class=\"elementor-element elementor-element-d0b8b98 elementor-hidden-desktop elementor-hidden-mobile elementor-widget elementor-widget-image\" data-id=\"d0b8b98\" data-element_type=\"widget\" data-widget_type=\"image.default\">\n\t\t\t\t<div class=\"elementor-widget-container\">\n\t\t\t\t\t\t\t\t\t\t\t\t\t\t\t<img fetchpriority=\"high\" decoding=\"async\" width=\"800\" height=\"998\" src=\"https:\/\/www.lucieb.art\/wp-content\/uploads\/2024\/11\/IMG_20220321_184151777_processed.jpg\" class=\"attachment-large size-large wp-image-1784\" alt=\"\" srcset=\"https:\/\/www.lucieb.art\/wp-content\/uploads\/2024\/11\/IMG_20220321_184151777_processed.jpg 812w, https:\/\/www.lucieb.art\/wp-content\/uploads\/2024\/11\/IMG_20220321_184151777_processed-240x300.jpg 240w, https:\/\/www.lucieb.art\/wp-content\/uploads\/2024\/11\/IMG_20220321_184151777_processed-768x958.jpg 768w, https:\/\/www.lucieb.art\/wp-content\/uploads\/2024\/11\/IMG_20220321_184151777_processed-500x624.jpg 500w, https:\/\/www.lucieb.art\/wp-content\/uploads\/2024\/11\/IMG_20220321_184151777_processed-800x998.jpg 800w\" sizes=\"(max-width: 800px) 100vw, 800px\" \/>\t\t\t\t\t\t\t\t\t\t\t\t\t\t\t<\/div>\n\t\t\t\t<\/div>\n\t\t\t\t\t<\/div>\n\t\t<\/div>\n\t\t\t\t<div class=\"elementor-column elementor-col-50 elementor-top-column elementor-element elementor-element-de5610b\" data-id=\"de5610b\" data-element_type=\"column\">\n\t\t\t<div class=\"elementor-widget-wrap elementor-element-populated\">\n\t\t\t\t\t\t<div class=\"elementor-element elementor-element-b333f37 elementor-widget__width-initial elementor-widget elementor-widget-text-editor\" data-id=\"b333f37\" data-element_type=\"widget\" data-widget_type=\"text-editor.default\">\n\t\t\t\t<div class=\"elementor-widget-container\">\n\t\t\t\t\t\t\t\t\t<p>Lucie Balaguer (\u010cesk\u00e9 Bud\u011bjovice,<br \/>1971) is an artist born in what is now the Czech Republic. Currently residing and working in Mallorca, Spain.<\/p><p>He trained in interior design and later continued his studies in the Bachelor of Arts. In his abstract work prevails the interest in natural materials, textures and volume, highlighting also his interest in investigating other techniques such as expressionism, pointillism and op-art.<\/p><p>Currently, in addition to other projects, she is focused on inclusive and tactile art, collaborating with ONCE and Fundaci\u00f3n Sobre Ruedas on initiatives that allow people with disabilities to enjoy art in a sensory way, creating a deeper and more accessible connection with her works.<\/p>\t\t\t\t\t\t\t\t<\/div>\n\t\t\t\t<\/div>\n\t\t\t\t\t<\/div>\n\t\t<\/div>\n\t\t\t\t\t<\/div>\n\t\t<\/section>\n\t\t\t\t<section class=\"elementor-section elementor-top-section elementor-element elementor-element-66458b1 elementor-section-boxed elementor-section-height-default elementor-section-height-default\" data-id=\"66458b1\" data-element_type=\"section\">\n\t\t\t\t\t\t<div class=\"elementor-container elementor-column-gap-default\">\n\t\t\t\t\t<div class=\"elementor-column elementor-col-100 elementor-top-column elementor-element elementor-element-262cbd6\" data-id=\"262cbd6\" data-element_type=\"column\">\n\t\t\t<div class=\"elementor-widget-wrap elementor-element-populated\">\n\t\t\t\t\t\t<div class=\"elementor-element elementor-element-c99ad17 elementor-widget elementor-widget-spacer\" data-id=\"c99ad17\" data-element_type=\"widget\" data-widget_type=\"spacer.default\">\n\t\t\t\t<div class=\"elementor-widget-container\">\n\t\t\t\t\t\t\t<div class=\"elementor-spacer\">\n\t\t\t<div class=\"elementor-spacer-inner\"><\/div>\n\t\t<\/div>\n\t\t\t\t\t\t<\/div>\n\t\t\t\t<\/div>\n\t\t\t\t\t<\/div>\n\t\t<\/div>\n\t\t\t\t\t<\/div>\n\t\t<\/section>\n\t\t\t\t<section class=\"elementor-section elementor-top-section elementor-element elementor-element-c082646 elementor-section-full_width elementor-section-height-default elementor-section-height-default\" data-id=\"c082646\" data-element_type=\"section\">\n\t\t\t\t\t\t<div class=\"elementor-container elementor-column-gap-default\">\n\t\t\t\t\t<div class=\"elementor-column elementor-col-100 elementor-top-column elementor-element elementor-element-3e130a1\" data-id=\"3e130a1\" data-element_type=\"column\">\n\t\t\t<div class=\"elementor-widget-wrap elementor-element-populated\">\n\t\t\t\t\t\t<div class=\"elementor-element elementor-element-a97cf0a elementor-pagination-position-outside elementor-widget elementor-widget-image-carousel\" data-id=\"a97cf0a\" data-element_type=\"widget\" data-settings=\"{&quot;slides_to_show&quot;:&quot;2&quot;,&quot;navigation&quot;:&quot;dots&quot;,&quot;pause_on_hover&quot;:&quot;no&quot;,&quot;image_spacing_custom&quot;:{&quot;unit&quot;:&quot;px&quot;,&quot;size&quot;:62,&quot;sizes&quot;:[]},&quot;autoplay&quot;:&quot;yes&quot;,&quot;pause_on_interaction&quot;:&quot;yes&quot;,&quot;autoplay_speed&quot;:5000,&quot;infinite&quot;:&quot;yes&quot;,&quot;speed&quot;:500,&quot;image_spacing_custom_tablet&quot;:{&quot;unit&quot;:&quot;px&quot;,&quot;size&quot;:&quot;&quot;,&quot;sizes&quot;:[]},&quot;image_spacing_custom_mobile&quot;:{&quot;unit&quot;:&quot;px&quot;,&quot;size&quot;:&quot;&quot;,&quot;sizes&quot;:[]}}\" data-widget_type=\"image-carousel.default\">\n\t\t\t\t<div class=\"elementor-widget-container\">\n\t\t\t\t\t\t\t<div class=\"elementor-image-carousel-wrapper swiper\" role=\"region\" aria-roledescription=\"carousel\" aria-label=\"Image Carousel\" dir=\"ltr\">\n\t\t\t<div class=\"elementor-image-carousel swiper-wrapper\" aria-live=\"off\">\n\t\t\t\t\t\t\t\t<div class=\"swiper-slide\" role=\"group\" aria-roledescription=\"slide\" aria-label=\"1 of 6\"><figure class=\"swiper-slide-inner\"><img decoding=\"async\" class=\"swiper-slide-image\" src=\"https:\/\/www.lucieb.art\/wp-content\/uploads\/elementor\/thumbs\/1650398340990-1-r1tpr9m8jzgqoduhxppsvhuua5fndht1e4vb85s874.jpeg\" alt=\"\" \/><\/figure><\/div><div class=\"swiper-slide\" role=\"group\" aria-roledescription=\"slide\" aria-label=\"2 of 6\"><figure class=\"swiper-slide-inner\"><img decoding=\"async\" class=\"swiper-slide-image\" src=\"https:\/\/www.lucieb.art\/wp-content\/uploads\/elementor\/thumbs\/1652985819753-1-r1tpr9m8jzgqoduhxppsvhuua5fndht1e4vb85s874.jpeg\" alt=\"\" \/><\/figure><\/div><div class=\"swiper-slide\" role=\"group\" aria-roledescription=\"slide\" aria-label=\"3 of 6\"><figure class=\"swiper-slide-inner\"><img decoding=\"async\" class=\"swiper-slide-image\" src=\"https:\/\/www.lucieb.art\/wp-content\/uploads\/elementor\/thumbs\/1650368543711-1-r1tpr9m8jzgqoduhxppsvhuua5fndht1e4vb85s874.jpeg\" alt=\"\" \/><\/figure><\/div><div class=\"swiper-slide\" role=\"group\" aria-roledescription=\"slide\" aria-label=\"4 of 6\"><figure class=\"swiper-slide-inner\"><img decoding=\"async\" class=\"swiper-slide-image\" src=\"https:\/\/www.lucieb.art\/wp-content\/uploads\/elementor\/thumbs\/1650397097929-1-r1tpr9m8jzgqoduhxppsvhuua5fndht1e4vb85s874.jpeg\" alt=\"\" \/><\/figure><\/div><div class=\"swiper-slide\" role=\"group\" aria-roledescription=\"slide\" aria-label=\"5 of 6\"><figure class=\"swiper-slide-inner\"><img decoding=\"async\" class=\"swiper-slide-image\" src=\"https:\/\/www.lucieb.art\/wp-content\/uploads\/elementor\/thumbs\/7a63a830-b5df-11ee-8dcf-074ce1b9f929-1-1-1-r1tpr9m8jzgqoduhxppsvhuua5fndht1e4vb85s874.jpg\" alt=\"\" \/><\/figure><\/div><div class=\"swiper-slide\" role=\"group\" aria-roledescription=\"slide\" aria-label=\"6 of 6\"><figure class=\"swiper-slide-inner\"><img decoding=\"async\" class=\"swiper-slide-image\" src=\"https:\/\/www.lucieb.art\/wp-content\/uploads\/elementor\/thumbs\/1685431351397-1-1-r1tpr9m8jzgqoduhxppsvhuua5fndht1e4vb85s874.jpeg\" alt=\"\" \/><\/figure><\/div>\t\t\t<\/div>\n\t\t\t\t\t\t\t\n\t\t\t\t\t\t\t\t\t<div class=\"swiper-pagination\"><\/div>\n\t\t\t\t\t\t\t\t\t<\/div>\n\t\t\t\t\t\t<\/div>\n\t\t\t\t<\/div>\n\t\t\t\t\t<\/div>\n\t\t<\/div>\n\t\t\t\t\t<\/div>\n\t\t<\/section>\n\t\t\t\t<section class=\"elementor-section elementor-top-section elementor-element elementor-element-3b1e0fe elementor-section-boxed elementor-section-height-default elementor-section-height-default\" data-id=\"3b1e0fe\" data-element_type=\"section\">\n\t\t\t\t\t\t<div class=\"elementor-container elementor-column-gap-default\">\n\t\t\t\t\t<div class=\"elementor-column elementor-col-100 elementor-top-column elementor-element elementor-element-3ddf02f\" data-id=\"3ddf02f\" data-element_type=\"column\">\n\t\t\t<div class=\"elementor-widget-wrap elementor-element-populated\">\n\t\t\t\t\t\t<div class=\"elementor-element elementor-element-46b1261 elementor-widget elementor-widget-spacer\" data-id=\"46b1261\" data-element_type=\"widget\" data-widget_type=\"spacer.default\">\n\t\t\t\t<div class=\"elementor-widget-container\">\n\t\t\t\t\t\t\t<div class=\"elementor-spacer\">\n\t\t\t<div class=\"elementor-spacer-inner\"><\/div>\n\t\t<\/div>\n\t\t\t\t\t\t<\/div>\n\t\t\t\t<\/div>\n\t\t\t\t\t<\/div>\n\t\t<\/div>\n\t\t\t\t\t<\/div>\n\t\t<\/section>\n\t\t\t\t<\/div>\n\t\t","protected":false},"excerpt":{"rendered":"<p>Lucie Balaguer Biography Lucie Balaguer (\u010cesk\u00e9 Bud\u011bjovice,1971) is an artist born in what is now the Czech Republic. Currently residing and working in Mallorca, Spain. He trained in interior design and later continued his studies in the Bachelor of Arts. In his abstract work prevails the interest in natural materials, textures and volume, highlighting also [&hellip;]<\/p>\n","protected":false},"author":1,"featured_media":0,"parent":0,"menu_order":0,"comment_status":"closed","ping_status":"closed","template":"","meta":{"footnotes":""},"class_list":["post-702","page","type-page","status-publish","hentry"],"yoast_head":"<!-- This site is optimized with the Yoast SEO plugin v24.4 - https:\/\/yoast.com\/wordpress\/plugins\/seo\/ -->\n<title>Lucie Balaguer Biography - Contemporary Artist<\/title>\n<meta name=\"description\" content=\"Learn about Lucie Balaguer&#039;s journey, her inspiration, and the development of her contemporary artwork.\" \/>\n<meta name=\"robots\" content=\"index, follow, max-snippet:-1, max-image-preview:large, max-video-preview:-1\" \/>\n<link rel=\"canonical\" href=\"https:\/\/www.lucieb.art\/biografia\/\" \/>\n<meta property=\"og:locale\" content=\"en_US\" \/>\n<meta property=\"og:type\" content=\"article\" \/>\n<meta property=\"og:title\" content=\"Lucie Balaguer Biography - Contemporary Artist\" \/>\n<meta property=\"og:description\" content=\"Learn about Lucie Balaguer&#039;s journey, her inspiration, and the development of her contemporary artwork.\" \/>\n<meta property=\"og:url\" content=\"https:\/\/www.lucieb.art\/biografia\/\" \/>\n<meta property=\"og:site_name\" content=\"Lucie Balaguer Art\" \/>\n<meta property=\"article:modified_time\" content=\"2024-12-03T08:36:44+00:00\" \/>\n<meta property=\"og:image\" content=\"https:\/\/www.lucieb.art\/wp-content\/uploads\/2024\/11\/IMG_20220321_184151777_processed.jpg\" \/>\n\t<meta property=\"og:image:width\" content=\"812\" \/>\n\t<meta property=\"og:image:height\" content=\"1013\" \/>\n\t<meta property=\"og:image:type\" content=\"image\/jpeg\" \/>\n<meta name=\"twitter:card\" content=\"summary_large_image\" \/>\n<meta name=\"twitter:label1\" content=\"Est. reading time\" \/>\n\t<meta name=\"twitter:data1\" content=\"3 minutes\" \/>\n<script type=\"application\/ld+json\" class=\"yoast-schema-graph\">{\"@context\":\"https:\/\/schema.org\",\"@graph\":[{\"@type\":\"WebPage\",\"@id\":\"https:\/\/www.lucieb.art\/biografia\/\",\"url\":\"https:\/\/www.lucieb.art\/biografia\/\",\"name\":\"Lucie Balaguer Biography - Contemporary Artist\",\"isPartOf\":{\"@id\":\"https:\/\/www.lucieb.art\/#website\"},\"primaryImageOfPage\":{\"@id\":\"https:\/\/www.lucieb.art\/biografia\/#primaryimage\"},\"image\":{\"@id\":\"https:\/\/www.lucieb.art\/biografia\/#primaryimage\"},\"thumbnailUrl\":\"https:\/\/www.lucieb.art\/wp-content\/uploads\/2024\/11\/IMG_20220321_184151777_processed.jpg\",\"datePublished\":\"2016-05-10T03:48:21+00:00\",\"dateModified\":\"2024-12-03T08:36:44+00:00\",\"description\":\"Learn about Lucie Balaguer's journey, her inspiration, and the development of her contemporary artwork.\",\"breadcrumb\":{\"@id\":\"https:\/\/www.lucieb.art\/biografia\/#breadcrumb\"},\"inLanguage\":\"en-US\",\"potentialAction\":[{\"@type\":\"ReadAction\",\"target\":[\"https:\/\/www.lucieb.art\/biografia\/\"]}]},{\"@type\":\"ImageObject\",\"inLanguage\":\"en-US\",\"@id\":\"https:\/\/www.lucieb.art\/biografia\/#primaryimage\",\"url\":\"https:\/\/www.lucieb.art\/wp-content\/uploads\/2024\/11\/IMG_20220321_184151777_processed.jpg\",\"contentUrl\":\"https:\/\/www.lucieb.art\/wp-content\/uploads\/2024\/11\/IMG_20220321_184151777_processed.jpg\"},{\"@type\":\"BreadcrumbList\",\"@id\":\"https:\/\/www.lucieb.art\/biografia\/#breadcrumb\",\"itemListElement\":[{\"@type\":\"ListItem\",\"position\":1,\"name\":\"Home\",\"item\":\"https:\/\/www.lucieb.art\/\"},{\"@type\":\"ListItem\",\"position\":2,\"name\":\"Bio\"}]},{\"@type\":\"WebSite\",\"@id\":\"https:\/\/www.lucieb.art\/#website\",\"url\":\"https:\/\/www.lucieb.art\/\",\"name\":\"Lucie Balaguer Art\",\"description\":\"Art from the paradise \u2764 Mallorca\",\"publisher\":{\"@id\":\"https:\/\/www.lucieb.art\/#organization\"},\"potentialAction\":[{\"@type\":\"SearchAction\",\"target\":{\"@type\":\"EntryPoint\",\"urlTemplate\":\"https:\/\/www.lucieb.art\/?s={search_term_string}\"},\"query-input\":{\"@type\":\"PropertyValueSpecification\",\"valueRequired\":true,\"valueName\":\"search_term_string\"}}],\"inLanguage\":\"en-US\"},{\"@type\":\"Organization\",\"@id\":\"https:\/\/www.lucieb.art\/#organization\",\"name\":\"Lucie Balaguer Art\",\"url\":\"https:\/\/www.lucieb.art\/\",\"logo\":{\"@type\":\"ImageObject\",\"inLanguage\":\"en-US\",\"@id\":\"https:\/\/www.lucieb.art\/#\/schema\/logo\/image\/\",\"url\":\"https:\/\/www.lucieb.art\/wp-content\/uploads\/2022\/07\/cropped-Nuevo-proyecto-1-1.png\",\"contentUrl\":\"https:\/\/www.lucieb.art\/wp-content\/uploads\/2022\/07\/cropped-Nuevo-proyecto-1-1.png\",\"width\":685,\"height\":131,\"caption\":\"Lucie Balaguer Art\"},\"image\":{\"@id\":\"https:\/\/www.lucieb.art\/#\/schema\/logo\/image\/\"}}]}<\/script>\n<!-- \/ Yoast SEO plugin. -->","yoast_head_json":{"title":"Lucie Balaguer Biography - Contemporary Artist","description":"Learn about Lucie Balaguer's journey, her inspiration, and the development of her contemporary artwork.","robots":{"index":"index","follow":"follow","max-snippet":"max-snippet:-1","max-image-preview":"max-image-preview:large","max-video-preview":"max-video-preview:-1"},"canonical":"https:\/\/www.lucieb.art\/biografia\/","og_locale":"en_US","og_type":"article","og_title":"Lucie Balaguer Biography - Contemporary Artist","og_description":"Learn about Lucie Balaguer's journey, her inspiration, and the development of her contemporary artwork.","og_url":"https:\/\/www.lucieb.art\/biografia\/","og_site_name":"Lucie Balaguer Art","article_modified_time":"2024-12-03T08:36:44+00:00","og_image":[{"width":812,"height":1013,"url":"https:\/\/www.lucieb.art\/wp-content\/uploads\/2024\/11\/IMG_20220321_184151777_processed.jpg","type":"image\/jpeg"}],"twitter_card":"summary_large_image","twitter_misc":{"Est. reading time":"3 minutes"},"schema":{"@context":"https:\/\/schema.org","@graph":[{"@type":"WebPage","@id":"https:\/\/www.lucieb.art\/biografia\/","url":"https:\/\/www.lucieb.art\/biografia\/","name":"Lucie Balaguer Biography - Contemporary Artist","isPartOf":{"@id":"https:\/\/www.lucieb.art\/#website"},"primaryImageOfPage":{"@id":"https:\/\/www.lucieb.art\/biografia\/#primaryimage"},"image":{"@id":"https:\/\/www.lucieb.art\/biografia\/#primaryimage"},"thumbnailUrl":"https:\/\/www.lucieb.art\/wp-content\/uploads\/2024\/11\/IMG_20220321_184151777_processed.jpg","datePublished":"2016-05-10T03:48:21+00:00","dateModified":"2024-12-03T08:36:44+00:00","description":"Learn about Lucie Balaguer's journey, her inspiration, and the development of her contemporary artwork.","breadcrumb":{"@id":"https:\/\/www.lucieb.art\/biografia\/#breadcrumb"},"inLanguage":"en-US","potentialAction":[{"@type":"ReadAction","target":["https:\/\/www.lucieb.art\/biografia\/"]}]},{"@type":"ImageObject","inLanguage":"en-US","@id":"https:\/\/www.lucieb.art\/biografia\/#primaryimage","url":"https:\/\/www.lucieb.art\/wp-content\/uploads\/2024\/11\/IMG_20220321_184151777_processed.jpg","contentUrl":"https:\/\/www.lucieb.art\/wp-content\/uploads\/2024\/11\/IMG_20220321_184151777_processed.jpg"},{"@type":"BreadcrumbList","@id":"https:\/\/www.lucieb.art\/biografia\/#breadcrumb","itemListElement":[{"@type":"ListItem","position":1,"name":"Home","item":"https:\/\/www.lucieb.art\/"},{"@type":"ListItem","position":2,"name":"Bio"}]},{"@type":"WebSite","@id":"https:\/\/www.lucieb.art\/#website","url":"https:\/\/www.lucieb.art\/","name":"Lucie Balaguer Art","description":"Art from the paradise \u2764 Mallorca","publisher":{"@id":"https:\/\/www.lucieb.art\/#organization"},"potentialAction":[{"@type":"SearchAction","target":{"@type":"EntryPoint","urlTemplate":"https:\/\/www.lucieb.art\/?s={search_term_string}"},"query-input":{"@type":"PropertyValueSpecification","valueRequired":true,"valueName":"search_term_string"}}],"inLanguage":"en-US"},{"@type":"Organization","@id":"https:\/\/www.lucieb.art\/#organization","name":"Lucie Balaguer Art","url":"https:\/\/www.lucieb.art\/","logo":{"@type":"ImageObject","inLanguage":"en-US","@id":"https:\/\/www.lucieb.art\/#\/schema\/logo\/image\/","url":"https:\/\/www.lucieb.art\/wp-content\/uploads\/2022\/07\/cropped-Nuevo-proyecto-1-1.png","contentUrl":"https:\/\/www.lucieb.art\/wp-content\/uploads\/2022\/07\/cropped-Nuevo-proyecto-1-1.png","width":685,"height":131,"caption":"Lucie Balaguer Art"},"image":{"@id":"https:\/\/www.lucieb.art\/#\/schema\/logo\/image\/"}}]}},"_links":{"self":[{"href":"https:\/\/www.lucieb.art\/en\/wp-json\/wp\/v2\/pages\/702","targetHints":{"allow":["GET"]}}],"collection":[{"href":"https:\/\/www.lucieb.art\/en\/wp-json\/wp\/v2\/pages"}],"about":[{"href":"https:\/\/www.lucieb.art\/en\/wp-json\/wp\/v2\/types\/page"}],"author":[{"embeddable":true,"href":"https:\/\/www.lucieb.art\/en\/wp-json\/wp\/v2\/users\/1"}],"replies":[{"embeddable":true,"href":"https:\/\/www.lucieb.art\/en\/wp-json\/wp\/v2\/comments?post=702"}],"version-history":[{"count":46,"href":"https:\/\/www.lucieb.art\/en\/wp-json\/wp\/v2\/pages\/702\/revisions"}],"predecessor-version":[{"id":2226,"href":"https:\/\/www.lucieb.art\/en\/wp-json\/wp\/v2\/pages\/702\/revisions\/2226"}],"wp:attachment":[{"href":"https:\/\/www.lucieb.art\/en\/wp-json\/wp\/v2\/media?parent=702"}],"curies":[{"name":"wp","href":"https:\/\/api.w.org\/{rel}","templated":true}]}}