{"id":693,"date":"2024-01-09T10:55:51","date_gmt":"2024-01-09T10:55:51","guid":{"rendered":"https:\/\/www.lucieb.art\/art\/"},"modified":"2024-11-07T13:05:36","modified_gmt":"2024-11-07T13:05:36","slug":"individual-works","status":"publish","type":"page","link":"https:\/\/www.lucieb.art\/en\/individual-works\/","title":{"rendered":"Art"},"content":{"rendered":"\t\t<div data-elementor-type=\"wp-page\" data-elementor-id=\"693\" class=\"elementor elementor-693 elementor-451\" data-elementor-post-type=\"page\">\n\t\t\t\t\t\t<section class=\"elementor-section elementor-top-section elementor-element elementor-element-bdb9422 elementor-section-boxed elementor-section-height-default elementor-section-height-default\" data-id=\"bdb9422\" data-element_type=\"section\">\n\t\t\t\t\t\t<div class=\"elementor-container elementor-column-gap-default\">\n\t\t\t\t\t<div class=\"elementor-column elementor-col-50 elementor-top-column elementor-element elementor-element-a06f159\" data-id=\"a06f159\" data-element_type=\"column\">\n\t\t\t<div class=\"elementor-widget-wrap elementor-element-populated\">\n\t\t\t\t\t\t<div class=\"elementor-element elementor-element-417c7ab elementor-widget elementor-widget-spacer\" data-id=\"417c7ab\" data-element_type=\"widget\" data-widget_type=\"spacer.default\">\n\t\t\t\t<div class=\"elementor-widget-container\">\n\t\t\t\t\t\t\t<div class=\"elementor-spacer\">\n\t\t\t<div class=\"elementor-spacer-inner\"><\/div>\n\t\t<\/div>\n\t\t\t\t\t\t<\/div>\n\t\t\t\t<\/div>\n\t\t\t\t\t<\/div>\n\t\t<\/div>\n\t\t\t\t<div class=\"elementor-column elementor-col-50 elementor-top-column elementor-element elementor-element-025b1bc\" data-id=\"025b1bc\" data-element_type=\"column\">\n\t\t\t<div class=\"elementor-widget-wrap elementor-element-populated\">\n\t\t\t\t\t\t<div class=\"elementor-element elementor-element-c9e17f1 elementor-widget elementor-widget-heading\" data-id=\"c9e17f1\" data-element_type=\"widget\" data-widget_type=\"heading.default\">\n\t\t\t\t<div class=\"elementor-widget-container\">\n\t\t\t\t\t<h1 class=\"elementor-heading-title elementor-size-default\">Individual Works<\/h1>\t\t\t\t<\/div>\n\t\t\t\t<\/div>\n\t\t\t\t\t<\/div>\n\t\t<\/div>\n\t\t\t\t\t<\/div>\n\t\t<\/section>\n\t\t\t\t<section class=\"elementor-section elementor-top-section elementor-element elementor-element-fc2ae3e elementor-section-boxed elementor-section-height-default elementor-section-height-default\" data-id=\"fc2ae3e\" data-element_type=\"section\">\n\t\t\t\t\t\t<div class=\"elementor-container elementor-column-gap-default\">\n\t\t\t\t\t<div class=\"elementor-column elementor-col-100 elementor-top-column elementor-element elementor-element-f17bc07\" data-id=\"f17bc07\" data-element_type=\"column\">\n\t\t\t<div class=\"elementor-widget-wrap elementor-element-populated\">\n\t\t\t\t\t\t<div class=\"elementor-element elementor-element-a41f735 elementor-widget elementor-widget-spacer\" data-id=\"a41f735\" data-element_type=\"widget\" data-widget_type=\"spacer.default\">\n\t\t\t\t<div class=\"elementor-widget-container\">\n\t\t\t\t\t\t\t<div class=\"elementor-spacer\">\n\t\t\t<div class=\"elementor-spacer-inner\"><\/div>\n\t\t<\/div>\n\t\t\t\t\t\t<\/div>\n\t\t\t\t<\/div>\n\t\t\t\t\t<\/div>\n\t\t<\/div>\n\t\t\t\t\t<\/div>\n\t\t<\/section>\n\t\t\t\t<section class=\"elementor-section elementor-top-section elementor-element elementor-element-c9fb0e1 elementor-section-boxed elementor-section-height-default elementor-section-height-default\" data-id=\"c9fb0e1\" data-element_type=\"section\">\n\t\t\t\t\t\t<div class=\"elementor-container elementor-column-gap-default\">\n\t\t\t\t\t<div class=\"elementor-column elementor-col-100 elementor-top-column elementor-element elementor-element-224e2c7\" data-id=\"224e2c7\" data-element_type=\"column\">\n\t\t\t<div class=\"elementor-widget-wrap elementor-element-populated\">\n\t\t\t\t\t\t<div class=\"elementor-element elementor-element-352ed61 elementor-widget__width-initial elementor-widget elementor-widget-image\" data-id=\"352ed61\" data-element_type=\"widget\" data-widget_type=\"image.default\">\n\t\t\t\t<div class=\"elementor-widget-container\">\n\t\t\t\t\t\t\t\t\t\t\t\t\t\t\t<img fetchpriority=\"high\" decoding=\"async\" width=\"800\" height=\"598\" src=\"https:\/\/www.lucieb.art\/wp-content\/uploads\/2024\/05\/20211019_1353120-1024x765.jpg\" class=\"attachment-large size-large wp-image-1006\" alt=\"\" srcset=\"https:\/\/www.lucieb.art\/wp-content\/uploads\/2024\/05\/20211019_1353120-1024x765.jpg 1024w, https:\/\/www.lucieb.art\/wp-content\/uploads\/2024\/05\/20211019_1353120-300x224.jpg 300w, https:\/\/www.lucieb.art\/wp-content\/uploads\/2024\/05\/20211019_1353120-768x574.jpg 768w, https:\/\/www.lucieb.art\/wp-content\/uploads\/2024\/05\/20211019_1353120-500x374.jpg 500w, https:\/\/www.lucieb.art\/wp-content\/uploads\/2024\/05\/20211019_1353120-800x598.jpg 800w, https:\/\/www.lucieb.art\/wp-content\/uploads\/2024\/05\/20211019_1353120-1280x956.jpg 1280w, https:\/\/www.lucieb.art\/wp-content\/uploads\/2024\/05\/20211019_1353120.jpg 1424w\" sizes=\"(max-width: 800px) 100vw, 800px\" \/>\t\t\t\t\t\t\t\t\t\t\t\t\t\t\t<\/div>\n\t\t\t\t<\/div>\n\t\t\t\t<div class=\"elementor-element elementor-element-4377e82 elementor-widget elementor-widget-spacer\" data-id=\"4377e82\" data-element_type=\"widget\" data-widget_type=\"spacer.default\">\n\t\t\t\t<div class=\"elementor-widget-container\">\n\t\t\t\t\t\t\t<div class=\"elementor-spacer\">\n\t\t\t<div class=\"elementor-spacer-inner\"><\/div>\n\t\t<\/div>\n\t\t\t\t\t\t<\/div>\n\t\t\t\t<\/div>\n\t\t\t\t<div class=\"elementor-element elementor-element-e55abf8 elementor-widget__width-initial elementor-widget elementor-widget-image\" data-id=\"e55abf8\" data-element_type=\"widget\" data-widget_type=\"image.default\">\n\t\t\t\t<div class=\"elementor-widget-container\">\n\t\t\t\t\t\t\t\t\t\t\t\t\t\t\t<img decoding=\"async\" width=\"800\" height=\"534\" src=\"https:\/\/www.lucieb.art\/wp-content\/uploads\/2024\/10\/1650368543711-1024x683.jpeg\" class=\"attachment-large size-large wp-image-1438\" alt=\"\" srcset=\"https:\/\/www.lucieb.art\/wp-content\/uploads\/2024\/10\/1650368543711-1024x683.jpeg 1024w, https:\/\/www.lucieb.art\/wp-content\/uploads\/2024\/10\/1650368543711-300x200.jpeg 300w, https:\/\/www.lucieb.art\/wp-content\/uploads\/2024\/10\/1650368543711-768x512.jpeg 768w, https:\/\/www.lucieb.art\/wp-content\/uploads\/2024\/10\/1650368543711-500x333.jpeg 500w, https:\/\/www.lucieb.art\/wp-content\/uploads\/2024\/10\/1650368543711-800x533.jpeg 800w, https:\/\/www.lucieb.art\/wp-content\/uploads\/2024\/10\/1650368543711-1280x853.jpeg 1280w, https:\/\/www.lucieb.art\/wp-content\/uploads\/2024\/10\/1650368543711.jpeg 1440w\" sizes=\"(max-width: 800px) 100vw, 800px\" \/>\t\t\t\t\t\t\t\t\t\t\t\t\t\t\t<\/div>\n\t\t\t\t<\/div>\n\t\t\t\t<div class=\"elementor-element elementor-element-326eb09 elementor-widget elementor-widget-spacer\" data-id=\"326eb09\" data-element_type=\"widget\" data-widget_type=\"spacer.default\">\n\t\t\t\t<div class=\"elementor-widget-container\">\n\t\t\t\t\t\t\t<div class=\"elementor-spacer\">\n\t\t\t<div class=\"elementor-spacer-inner\"><\/div>\n\t\t<\/div>\n\t\t\t\t\t\t<\/div>\n\t\t\t\t<\/div>\n\t\t\t\t<div class=\"elementor-element elementor-element-b583609 elementor-widget elementor-widget-heading\" data-id=\"b583609\" data-element_type=\"widget\" data-widget_type=\"heading.default\">\n\t\t\t\t<div class=\"elementor-widget-container\">\n\t\t\t\t\t<h2 class=\"elementor-heading-title elementor-size-default\">Mares enfrentados<br>120x90cm<br>Mixed media - acrylics and matter on canvas.<\/h2>\t\t\t\t<\/div>\n\t\t\t\t<\/div>\n\t\t\t\t\t<\/div>\n\t\t<\/div>\n\t\t\t\t\t<\/div>\n\t\t<\/section>\n\t\t\t\t<section class=\"elementor-section elementor-top-section elementor-element elementor-element-04e0908 elementor-section-boxed elementor-section-height-default elementor-section-height-default\" data-id=\"04e0908\" data-element_type=\"section\">\n\t\t\t\t\t\t<div class=\"elementor-container elementor-column-gap-default\">\n\t\t\t\t\t<div class=\"elementor-column elementor-col-100 elementor-top-column elementor-element elementor-element-65dd7ef\" data-id=\"65dd7ef\" data-element_type=\"column\">\n\t\t\t<div class=\"elementor-widget-wrap elementor-element-populated\">\n\t\t\t\t\t\t<div class=\"elementor-element elementor-element-c7ea4b4 elementor-widget elementor-widget-spacer\" data-id=\"c7ea4b4\" data-element_type=\"widget\" data-widget_type=\"spacer.default\">\n\t\t\t\t<div class=\"elementor-widget-container\">\n\t\t\t\t\t\t\t<div class=\"elementor-spacer\">\n\t\t\t<div class=\"elementor-spacer-inner\"><\/div>\n\t\t<\/div>\n\t\t\t\t\t\t<\/div>\n\t\t\t\t<\/div>\n\t\t\t\t\t<\/div>\n\t\t<\/div>\n\t\t\t\t\t<\/div>\n\t\t<\/section>\n\t\t\t\t<section class=\"elementor-section elementor-top-section elementor-element elementor-element-f6aadc8 elementor-section-boxed elementor-section-height-default elementor-section-height-default\" data-id=\"f6aadc8\" data-element_type=\"section\">\n\t\t\t\t\t\t<div class=\"elementor-container elementor-column-gap-default\">\n\t\t\t\t\t<div class=\"elementor-column elementor-col-100 elementor-top-column elementor-element elementor-element-83f086d\" data-id=\"83f086d\" data-element_type=\"column\">\n\t\t\t<div class=\"elementor-widget-wrap elementor-element-populated\">\n\t\t\t\t\t\t<div class=\"elementor-element elementor-element-5808905 elementor-widget elementor-widget-image\" data-id=\"5808905\" data-element_type=\"widget\" data-widget_type=\"image.default\">\n\t\t\t\t<div class=\"elementor-widget-container\">\n\t\t\t\t\t\t\t\t\t\t\t\t\t\t\t<img decoding=\"async\" width=\"800\" height=\"804\" src=\"https:\/\/www.lucieb.art\/wp-content\/uploads\/2024\/05\/WhatsApp-Image-2024-04-29-at-17.44.45-1019x1024.jpeg\" class=\"attachment-large size-large wp-image-1025\" alt=\"\" srcset=\"https:\/\/www.lucieb.art\/wp-content\/uploads\/2024\/05\/WhatsApp-Image-2024-04-29-at-17.44.45-1019x1024.jpeg 1019w, https:\/\/www.lucieb.art\/wp-content\/uploads\/2024\/05\/WhatsApp-Image-2024-04-29-at-17.44.45-150x150.jpeg 150w, https:\/\/www.lucieb.art\/wp-content\/uploads\/2024\/05\/WhatsApp-Image-2024-04-29-at-17.44.45-768x772.jpeg 768w, https:\/\/www.lucieb.art\/wp-content\/uploads\/2024\/05\/WhatsApp-Image-2024-04-29-at-17.44.45-500x502.jpeg 500w, https:\/\/www.lucieb.art\/wp-content\/uploads\/2024\/05\/WhatsApp-Image-2024-04-29-at-17.44.45-800x804.jpeg 800w, https:\/\/www.lucieb.art\/wp-content\/uploads\/2024\/05\/WhatsApp-Image-2024-04-29-at-17.44.45.jpeg 1080w\" sizes=\"(max-width: 800px) 100vw, 800px\" \/>\t\t\t\t\t\t\t\t\t\t\t\t\t\t\t<\/div>\n\t\t\t\t<\/div>\n\t\t\t\t<div class=\"elementor-element elementor-element-a5618b6 elementor-widget elementor-widget-spacer\" data-id=\"a5618b6\" data-element_type=\"widget\" data-widget_type=\"spacer.default\">\n\t\t\t\t<div class=\"elementor-widget-container\">\n\t\t\t\t\t\t\t<div class=\"elementor-spacer\">\n\t\t\t<div class=\"elementor-spacer-inner\"><\/div>\n\t\t<\/div>\n\t\t\t\t\t\t<\/div>\n\t\t\t\t<\/div>\n\t\t\t\t<div class=\"elementor-element elementor-element-f703e55 elementor-widget elementor-widget-image\" data-id=\"f703e55\" data-element_type=\"widget\" data-widget_type=\"image.default\">\n\t\t\t\t<div class=\"elementor-widget-container\">\n\t\t\t\t\t\t\t\t\t\t\t\t\t\t\t<img loading=\"lazy\" decoding=\"async\" width=\"800\" height=\"795\" src=\"https:\/\/www.lucieb.art\/wp-content\/uploads\/2024\/10\/7a63a830-b5df-11ee-8dcf-074ce1b9f929-1024x1018.jpg\" class=\"attachment-large size-large wp-image-1440\" alt=\"\" srcset=\"https:\/\/www.lucieb.art\/wp-content\/uploads\/2024\/10\/7a63a830-b5df-11ee-8dcf-074ce1b9f929-1024x1018.jpg 1024w, https:\/\/www.lucieb.art\/wp-content\/uploads\/2024\/10\/7a63a830-b5df-11ee-8dcf-074ce1b9f929-300x298.jpg 300w, https:\/\/www.lucieb.art\/wp-content\/uploads\/2024\/10\/7a63a830-b5df-11ee-8dcf-074ce1b9f929-150x150.jpg 150w, https:\/\/www.lucieb.art\/wp-content\/uploads\/2024\/10\/7a63a830-b5df-11ee-8dcf-074ce1b9f929-768x764.jpg 768w, https:\/\/www.lucieb.art\/wp-content\/uploads\/2024\/10\/7a63a830-b5df-11ee-8dcf-074ce1b9f929-1536x1527.jpg 1536w, https:\/\/www.lucieb.art\/wp-content\/uploads\/2024\/10\/7a63a830-b5df-11ee-8dcf-074ce1b9f929-500x497.jpg 500w, https:\/\/www.lucieb.art\/wp-content\/uploads\/2024\/10\/7a63a830-b5df-11ee-8dcf-074ce1b9f929-800x796.jpg 800w, https:\/\/www.lucieb.art\/wp-content\/uploads\/2024\/10\/7a63a830-b5df-11ee-8dcf-074ce1b9f929-1280x1273.jpg 1280w, https:\/\/www.lucieb.art\/wp-content\/uploads\/2024\/10\/7a63a830-b5df-11ee-8dcf-074ce1b9f929.jpg 1604w\" sizes=\"(max-width: 800px) 100vw, 800px\" \/>\t\t\t\t\t\t\t\t\t\t\t\t\t\t\t<\/div>\n\t\t\t\t<\/div>\n\t\t\t\t<div class=\"elementor-element elementor-element-b987b10 elementor-widget elementor-widget-spacer\" data-id=\"b987b10\" data-element_type=\"widget\" data-widget_type=\"spacer.default\">\n\t\t\t\t<div class=\"elementor-widget-container\">\n\t\t\t\t\t\t\t<div class=\"elementor-spacer\">\n\t\t\t<div class=\"elementor-spacer-inner\"><\/div>\n\t\t<\/div>\n\t\t\t\t\t\t<\/div>\n\t\t\t\t<\/div>\n\t\t\t\t<div class=\"elementor-element elementor-element-89a5a6a elementor-widget elementor-widget-heading\" data-id=\"89a5a6a\" data-element_type=\"widget\" data-widget_type=\"heading.default\">\n\t\t\t\t<div class=\"elementor-widget-container\">\n\t\t\t\t\t<h2 class=\"elementor-heading-title elementor-size-default\">BRILLOS DE ORO <br>90\u00d790cm <br>Mixed media with (24 carat gold details)<br>Work for the exhibition of M.A.D.S. ART GALLERY in Casa Mil\u00e1 (Gaud\u00ed Room) <br>Barcelona <br>28.12.2022<\/h2>\t\t\t\t<\/div>\n\t\t\t\t<\/div>\n\t\t\t\t<div class=\"elementor-element elementor-element-1da2c05 elementor-widget elementor-widget-spacer\" data-id=\"1da2c05\" data-element_type=\"widget\" data-widget_type=\"spacer.default\">\n\t\t\t\t<div class=\"elementor-widget-container\">\n\t\t\t\t\t\t\t<div class=\"elementor-spacer\">\n\t\t\t<div class=\"elementor-spacer-inner\"><\/div>\n\t\t<\/div>\n\t\t\t\t\t\t<\/div>\n\t\t\t\t<\/div>\n\t\t\t\t\t<\/div>\n\t\t<\/div>\n\t\t\t\t\t<\/div>\n\t\t<\/section>\n\t\t\t\t<\/div>\n\t\t","protected":false},"excerpt":{"rendered":"<p>Individual Works Mares enfrentados120x90cmMixed media &#8211; acrylics and matter on canvas. BRILLOS DE ORO 90\u00d790cm Mixed media with (24 carat gold details)Work for the exhibition of M.A.D.S. ART GALLERY in Casa Mil\u00e1 (Gaud\u00ed Room) Barcelona 28.12.2022<\/p>\n","protected":false},"author":1,"featured_media":0,"parent":0,"menu_order":0,"comment_status":"closed","ping_status":"closed","template":"","meta":{"footnotes":""},"class_list":["post-693","page","type-page","status-publish","hentry"],"yoast_head":"<!-- This site is optimized with the Yoast SEO plugin v24.4 - https:\/\/yoast.com\/wordpress\/plugins\/seo\/ -->\n<title>Individual Works by Lucie Balaguer - Unique Art<\/title>\n<meta name=\"description\" content=\"Explore Lucie Balaguer&#039;s individual works, unique pieces reflecting her distinctive artistic style.\" \/>\n<meta name=\"robots\" content=\"index, follow, max-snippet:-1, max-image-preview:large, max-video-preview:-1\" \/>\n<link rel=\"canonical\" href=\"https:\/\/www.lucieb.art\/obras-individuales\/\" \/>\n<meta property=\"og:locale\" content=\"en_US\" \/>\n<meta property=\"og:type\" content=\"article\" \/>\n<meta property=\"og:title\" content=\"Individual Works by Lucie Balaguer - Unique Art\" \/>\n<meta property=\"og:description\" content=\"Explore Lucie Balaguer&#039;s individual works, unique pieces reflecting her distinctive artistic style.\" \/>\n<meta property=\"og:url\" content=\"https:\/\/www.lucieb.art\/obras-individuales\/\" \/>\n<meta property=\"og:site_name\" content=\"Lucie Balaguer Art\" \/>\n<meta property=\"article:modified_time\" content=\"2024-11-07T13:05:36+00:00\" \/>\n<meta property=\"og:image\" content=\"https:\/\/www.lucieb.art\/wp-content\/uploads\/2024\/05\/20211019_1353120.jpg\" \/>\n\t<meta property=\"og:image:width\" content=\"1424\" \/>\n\t<meta property=\"og:image:height\" content=\"1064\" \/>\n\t<meta property=\"og:image:type\" content=\"image\/jpeg\" \/>\n<meta name=\"twitter:card\" content=\"summary_large_image\" \/>\n<meta name=\"twitter:label1\" content=\"Est. reading time\" \/>\n\t<meta name=\"twitter:data1\" content=\"1 minute\" \/>\n<script type=\"application\/ld+json\" class=\"yoast-schema-graph\">{\"@context\":\"https:\/\/schema.org\",\"@graph\":[{\"@type\":\"WebPage\",\"@id\":\"https:\/\/www.lucieb.art\/obras-individuales\/\",\"url\":\"https:\/\/www.lucieb.art\/obras-individuales\/\",\"name\":\"Individual Works by Lucie Balaguer - Unique Art\",\"isPartOf\":{\"@id\":\"https:\/\/www.lucieb.art\/#website\"},\"primaryImageOfPage\":{\"@id\":\"https:\/\/www.lucieb.art\/obras-individuales\/#primaryimage\"},\"image\":{\"@id\":\"https:\/\/www.lucieb.art\/obras-individuales\/#primaryimage\"},\"thumbnailUrl\":\"https:\/\/www.lucieb.art\/wp-content\/uploads\/2024\/05\/20211019_1353120-1024x765.jpg\",\"datePublished\":\"2024-01-09T10:55:51+00:00\",\"dateModified\":\"2024-11-07T13:05:36+00:00\",\"description\":\"Explore Lucie Balaguer's individual works, unique pieces reflecting her distinctive artistic style.\",\"breadcrumb\":{\"@id\":\"https:\/\/www.lucieb.art\/obras-individuales\/#breadcrumb\"},\"inLanguage\":\"en-US\",\"potentialAction\":[{\"@type\":\"ReadAction\",\"target\":[\"https:\/\/www.lucieb.art\/obras-individuales\/\"]}]},{\"@type\":\"ImageObject\",\"inLanguage\":\"en-US\",\"@id\":\"https:\/\/www.lucieb.art\/obras-individuales\/#primaryimage\",\"url\":\"https:\/\/www.lucieb.art\/wp-content\/uploads\/2024\/05\/20211019_1353120-1024x765.jpg\",\"contentUrl\":\"https:\/\/www.lucieb.art\/wp-content\/uploads\/2024\/05\/20211019_1353120-1024x765.jpg\"},{\"@type\":\"BreadcrumbList\",\"@id\":\"https:\/\/www.lucieb.art\/obras-individuales\/#breadcrumb\",\"itemListElement\":[{\"@type\":\"ListItem\",\"position\":1,\"name\":\"Home\",\"item\":\"https:\/\/www.lucieb.art\/\"},{\"@type\":\"ListItem\",\"position\":2,\"name\":\"Art\"}]},{\"@type\":\"WebSite\",\"@id\":\"https:\/\/www.lucieb.art\/#website\",\"url\":\"https:\/\/www.lucieb.art\/\",\"name\":\"Lucie Balaguer Art\",\"description\":\"Art from the paradise \u2764 Mallorca\",\"publisher\":{\"@id\":\"https:\/\/www.lucieb.art\/#organization\"},\"potentialAction\":[{\"@type\":\"SearchAction\",\"target\":{\"@type\":\"EntryPoint\",\"urlTemplate\":\"https:\/\/www.lucieb.art\/?s={search_term_string}\"},\"query-input\":{\"@type\":\"PropertyValueSpecification\",\"valueRequired\":true,\"valueName\":\"search_term_string\"}}],\"inLanguage\":\"en-US\"},{\"@type\":\"Organization\",\"@id\":\"https:\/\/www.lucieb.art\/#organization\",\"name\":\"Lucie Balaguer Art\",\"url\":\"https:\/\/www.lucieb.art\/\",\"logo\":{\"@type\":\"ImageObject\",\"inLanguage\":\"en-US\",\"@id\":\"https:\/\/www.lucieb.art\/#\/schema\/logo\/image\/\",\"url\":\"https:\/\/www.lucieb.art\/wp-content\/uploads\/2022\/07\/cropped-Nuevo-proyecto-1-1.png\",\"contentUrl\":\"https:\/\/www.lucieb.art\/wp-content\/uploads\/2022\/07\/cropped-Nuevo-proyecto-1-1.png\",\"width\":685,\"height\":131,\"caption\":\"Lucie Balaguer Art\"},\"image\":{\"@id\":\"https:\/\/www.lucieb.art\/#\/schema\/logo\/image\/\"}}]}<\/script>\n<!-- \/ Yoast SEO plugin. -->","yoast_head_json":{"title":"Individual Works by Lucie Balaguer - Unique Art","description":"Explore Lucie Balaguer's individual works, unique pieces reflecting her distinctive artistic style.","robots":{"index":"index","follow":"follow","max-snippet":"max-snippet:-1","max-image-preview":"max-image-preview:large","max-video-preview":"max-video-preview:-1"},"canonical":"https:\/\/www.lucieb.art\/obras-individuales\/","og_locale":"en_US","og_type":"article","og_title":"Individual Works by Lucie Balaguer - Unique Art","og_description":"Explore Lucie Balaguer's individual works, unique pieces reflecting her distinctive artistic style.","og_url":"https:\/\/www.lucieb.art\/obras-individuales\/","og_site_name":"Lucie Balaguer Art","article_modified_time":"2024-11-07T13:05:36+00:00","og_image":[{"width":1424,"height":1064,"url":"https:\/\/www.lucieb.art\/wp-content\/uploads\/2024\/05\/20211019_1353120.jpg","type":"image\/jpeg"}],"twitter_card":"summary_large_image","twitter_misc":{"Est. reading time":"1 minute"},"schema":{"@context":"https:\/\/schema.org","@graph":[{"@type":"WebPage","@id":"https:\/\/www.lucieb.art\/obras-individuales\/","url":"https:\/\/www.lucieb.art\/obras-individuales\/","name":"Individual Works by Lucie Balaguer - Unique Art","isPartOf":{"@id":"https:\/\/www.lucieb.art\/#website"},"primaryImageOfPage":{"@id":"https:\/\/www.lucieb.art\/obras-individuales\/#primaryimage"},"image":{"@id":"https:\/\/www.lucieb.art\/obras-individuales\/#primaryimage"},"thumbnailUrl":"https:\/\/www.lucieb.art\/wp-content\/uploads\/2024\/05\/20211019_1353120-1024x765.jpg","datePublished":"2024-01-09T10:55:51+00:00","dateModified":"2024-11-07T13:05:36+00:00","description":"Explore Lucie Balaguer's individual works, unique pieces reflecting her distinctive artistic style.","breadcrumb":{"@id":"https:\/\/www.lucieb.art\/obras-individuales\/#breadcrumb"},"inLanguage":"en-US","potentialAction":[{"@type":"ReadAction","target":["https:\/\/www.lucieb.art\/obras-individuales\/"]}]},{"@type":"ImageObject","inLanguage":"en-US","@id":"https:\/\/www.lucieb.art\/obras-individuales\/#primaryimage","url":"https:\/\/www.lucieb.art\/wp-content\/uploads\/2024\/05\/20211019_1353120-1024x765.jpg","contentUrl":"https:\/\/www.lucieb.art\/wp-content\/uploads\/2024\/05\/20211019_1353120-1024x765.jpg"},{"@type":"BreadcrumbList","@id":"https:\/\/www.lucieb.art\/obras-individuales\/#breadcrumb","itemListElement":[{"@type":"ListItem","position":1,"name":"Home","item":"https:\/\/www.lucieb.art\/"},{"@type":"ListItem","position":2,"name":"Art"}]},{"@type":"WebSite","@id":"https:\/\/www.lucieb.art\/#website","url":"https:\/\/www.lucieb.art\/","name":"Lucie Balaguer Art","description":"Art from the paradise \u2764 Mallorca","publisher":{"@id":"https:\/\/www.lucieb.art\/#organization"},"potentialAction":[{"@type":"SearchAction","target":{"@type":"EntryPoint","urlTemplate":"https:\/\/www.lucieb.art\/?s={search_term_string}"},"query-input":{"@type":"PropertyValueSpecification","valueRequired":true,"valueName":"search_term_string"}}],"inLanguage":"en-US"},{"@type":"Organization","@id":"https:\/\/www.lucieb.art\/#organization","name":"Lucie Balaguer Art","url":"https:\/\/www.lucieb.art\/","logo":{"@type":"ImageObject","inLanguage":"en-US","@id":"https:\/\/www.lucieb.art\/#\/schema\/logo\/image\/","url":"https:\/\/www.lucieb.art\/wp-content\/uploads\/2022\/07\/cropped-Nuevo-proyecto-1-1.png","contentUrl":"https:\/\/www.lucieb.art\/wp-content\/uploads\/2022\/07\/cropped-Nuevo-proyecto-1-1.png","width":685,"height":131,"caption":"Lucie Balaguer Art"},"image":{"@id":"https:\/\/www.lucieb.art\/#\/schema\/logo\/image\/"}}]}},"_links":{"self":[{"href":"https:\/\/www.lucieb.art\/en\/wp-json\/wp\/v2\/pages\/693","targetHints":{"allow":["GET"]}}],"collection":[{"href":"https:\/\/www.lucieb.art\/en\/wp-json\/wp\/v2\/pages"}],"about":[{"href":"https:\/\/www.lucieb.art\/en\/wp-json\/wp\/v2\/types\/page"}],"author":[{"embeddable":true,"href":"https:\/\/www.lucieb.art\/en\/wp-json\/wp\/v2\/users\/1"}],"replies":[{"embeddable":true,"href":"https:\/\/www.lucieb.art\/en\/wp-json\/wp\/v2\/comments?post=693"}],"version-history":[{"count":27,"href":"https:\/\/www.lucieb.art\/en\/wp-json\/wp\/v2\/pages\/693\/revisions"}],"predecessor-version":[{"id":1942,"href":"https:\/\/www.lucieb.art\/en\/wp-json\/wp\/v2\/pages\/693\/revisions\/1942"}],"wp:attachment":[{"href":"https:\/\/www.lucieb.art\/en\/wp-json\/wp\/v2\/media?parent=693"}],"curies":[{"name":"wp","href":"https:\/\/api.w.org\/{rel}","templated":true}]}}